{"id":297,"date":"2025-04-13T16:00:53","date_gmt":"2025-04-13T13:00:53","guid":{"rendered":"https:\/\/pem-health.com\/?page_id=297"},"modified":"2025-04-13T16:08:42","modified_gmt":"2025-04-13T13:08:42","slug":"frequently-asked-questions","status":"publish","type":"page","link":"https:\/\/pem-health.com\/de\/frequently-asked-questions\/","title":{"rendered":"H\u00e4ufig gestellte Fragen"},"content":{"rendered":"<div class=\"wp-block-group has-global-padding is-layout-constrained wp-container-core-group-is-layout-ff778368 wp-block-group-is-layout-constrained\" style=\"padding-right:var(--wp--preset--spacing--30);padding-left:var(--wp--preset--spacing--30)\">\n<details class=\"wp-block-details has-regular-font-size is-layout-flow wp-block-details-is-layout-flow\"><summary>Welche Dienstleistungen bietet PEM Health an?<\/summary>\n<p class=\"has-medium-font-size\">Wir sind spezialisiert auf&nbsp;<strong>Adipositaschirurgie<\/strong>&nbsp;(z. B. Magenmanschette und Magenbypass),&nbsp;<strong>Sch\u00f6nheitschirurgie<\/strong>&nbsp;(einschlie\u00dflich Verfahren wie Fettabsaugung und Facelifting), und&nbsp;<strong>Zahnpflege<\/strong>. Wir bieten auch pers\u00f6nliche Beratung, Reisekoordination und luxuri\u00f6se Unterk\u00fcnfte als Teil unserer All-inclusive-Pakete f\u00fcr medizinische Reisen.<\/p>\n<\/details>\n\n\n\n<details class=\"wp-block-details has-regular-font-size is-layout-flow wp-block-details-is-layout-flow\"><summary>Ist PEM Health f\u00fcr internationale Patienten geeignet?<\/summary>\n<p class=\"has-medium-font-size\">Ja! PEM Health wurde entwickelt, um zu dienen&nbsp;<strong>internationale Patienten<\/strong>insbesondere aus dem Nahen Osten, Europa und den umliegenden Regionen. Wir bieten&nbsp;<strong>Online-Konsultationen<\/strong>,&nbsp;<strong>Unterst\u00fctzung bei Reise und Unterkunft<\/strong>und umfassende Unterst\u00fctzung w\u00e4hrend Ihrer gesamten medizinischen Reise.<\/p>\n<\/details>\n\n\n\n<details class=\"wp-block-details has-regular-font-size is-layout-flow wp-block-details-is-layout-flow\"><summary>Sind die Krankenh\u00e4user und \u00c4rzte, mit denen Sie zusammenarbeiten, zertifiziert?<\/summary>\n<p class=\"has-medium-font-size\">Ganz genau. Alle unsere Partnerkrankenh\u00e4user sind\u00a0<strong>vom t\u00fcrkischen Gesundheitsministerium akkreditiert<\/strong>\u00a0f\u00fcr den Medizintourismus, und unsere \u00c4rzte sind sehr erfahrene Spezialisten mit internationaler Erfahrung in der Patientenbetreuung.<\/p>\n<\/details>\n\n\n\n<details class=\"wp-block-details has-regular-font-size is-layout-flow wp-block-details-is-layout-flow\"><summary>Warum sollte ich PEM Health f\u00fcr meine Behandlung im Ausland w\u00e4hlen?<\/summary>\n<p class=\"has-medium-font-size\">Wir arbeiten mit erfahrenen Chirurgen und anerkannten Krankenh\u00e4usern zusammen und bieten umfassende Pakete an, die Unterkunft, Transfer und pers\u00f6nliche Betreuung beinhalten.<\/p>\n<\/details>\n\n\n\n<details class=\"wp-block-details has-regular-font-size is-layout-flow wp-block-details-is-layout-flow\"><summary>Wie beginne ich den Prozess?<\/summary>\n<p class=\"has-medium-font-size\">Sie k\u00f6nnen uns f\u00fcr eine kostenlose Online-Beratung kontaktieren. Wir beurteilen Ihren Fall und begleiten Sie bei jedem Schritt des Weges<\/p>\n<\/details>\n\n\n\n<details class=\"wp-block-details has-regular-font-size is-layout-flow wp-block-details-is-layout-flow\"><summary>Ist es sicher, sich in der T\u00fcrkei operieren zu lassen?<\/summary>\n<p class=\"has-medium-font-size\">Unbedingt. Die T\u00fcrkei ist bekannt f\u00fcr hochwertige Gesundheitsdienste und moderne medizinische Einrichtungen mit international ausgebildeten \u00c4rzten.<\/p>\n<\/details>\n\n\n\n<details class=\"wp-block-details has-regular-font-size is-layout-flow wp-block-details-is-layout-flow\"><summary>Was ist im Behandlungspaket enthalten?<\/summary>\n<p class=\"has-medium-font-size\">Unsere All-inclusive-Pakete umfassen in der Regel die Operation, die Voruntersuchungen, die Unterbringung in einem 5-Sterne-Hotel, den Flughafentransfer und die Nachsorge.<\/p>\n<\/details>\n\n\n\n<details class=\"wp-block-details has-regular-font-size is-layout-flow wp-block-details-is-layout-flow\"><summary>Brauche ich ein Visum, um zur Behandlung zu reisen?<\/summary>\n<p class=\"has-medium-font-size\">Die Visabestimmungen sind von Land zu Land unterschiedlich. Unser Team unterst\u00fctzt Sie mit Informationen und Beratung, wenn Sie ein medizinisches Visum ben\u00f6tigen.<\/p>\n<\/details>\n\n\n\n<details class=\"wp-block-details has-regular-font-size is-layout-flow wp-block-details-is-layout-flow\"><summary>Kann ich eine Begleitperson mitbringen?<\/summary>\n<p class=\"has-medium-font-size translation-block\">Ja, Begleitpersonen sind willkommen. Wir k\u00f6nnen Unterk\u00fcnfte f\u00fcr Sie und Ihre Begleitperson organisieren. Au\u00dferdem bieten wir <strong>Zahnpflege- und Check-up-Pakete f\u00fcr Begleitpersonen zu einem erm\u00e4\u00dfigten Preis<\/strong> an, damit auch sie w\u00e4hrend der Reise von unseren Gesundheitsdienstleistungen profitieren k\u00f6nnen.<\/p>\n<\/details>\n\n\n\n<details class=\"wp-block-details has-regular-font-size is-layout-flow wp-block-details-is-layout-flow\"><summary>Was ist, wenn ich nach meiner R\u00fcckkehr nach Hause Fragen habe?<\/summary>\n<p class=\"has-medium-font-size\">Wir bieten kontinuierliche Online-Unterst\u00fctzung und Nachsorge nach Ihrer Behandlung, um eine reibungslose Genesung zu gew\u00e4hrleisten.<\/p>\n<\/details>\n<\/div>\n\n\n\n<p><\/p>","protected":false},"excerpt":{"rendered":"","protected":false},"author":1,"featured_media":0,"parent":0,"menu_order":0,"comment_status":"closed","ping_status":"closed","template":"","meta":{"footnotes":""},"class_list":["post-297","page","type-page","status-publish","hentry"],"_links":{"self":[{"href":"https:\/\/pem-health.com\/de\/wp-json\/wp\/v2\/pages\/297","targetHints":{"allow":["GET"]}}],"collection":[{"href":"https:\/\/pem-health.com\/de\/wp-json\/wp\/v2\/pages"}],"about":[{"href":"https:\/\/pem-health.com\/de\/wp-json\/wp\/v2\/types\/page"}],"author":[{"embeddable":true,"href":"https:\/\/pem-health.com\/de\/wp-json\/wp\/v2\/users\/1"}],"replies":[{"embeddable":true,"href":"https:\/\/pem-health.com\/de\/wp-json\/wp\/v2\/comments?post=297"}],"version-history":[{"count":9,"href":"https:\/\/pem-health.com\/de\/wp-json\/wp\/v2\/pages\/297\/revisions"}],"predecessor-version":[{"id":307,"href":"https:\/\/pem-health.com\/de\/wp-json\/wp\/v2\/pages\/297\/revisions\/307"}],"wp:attachment":[{"href":"https:\/\/pem-health.com\/de\/wp-json\/wp\/v2\/media?parent=297"}],"curies":[{"name":"wp","href":"https:\/\/api.w.org\/{rel}","templated":true}]}}