{"id":108,"date":"2025-04-13T01:42:05","date_gmt":"2025-04-12T22:42:05","guid":{"rendered":"https:\/\/pem-health.com\/?page_id=108"},"modified":"2025-04-13T13:34:35","modified_gmt":"2025-04-13T10:34:35","slug":"blog","status":"publish","type":"page","link":"https:\/\/pem-health.com\/es\/blog\/","title":{"rendered":"Blog"},"content":{"rendered":"<div class=\"wp-block-group has-global-padding is-layout-constrained wp-block-group-is-layout-constrained\"><ul style=\"padding-top:0;padding-bottom:0;margin-top:0;margin-bottom:0;margin-left:0;margin-right:0;\" class=\"wp-block-latest-posts__list wp-block-latest-posts\"><li><div class=\"wp-block-latest-posts__featured-image alignleft\"><img loading=\"lazy\" decoding=\"async\" width=\"150\" height=\"150\" src=\"https:\/\/pem-health.com\/wp-content\/uploads\/2025\/04\/stefanie-belinda-tHSLU1CMc7g-unsplash-150x150.jpg\" class=\"attachment-thumbnail size-thumbnail wp-post-image\" alt=\"\" style=\"max-width:150px;max-height:150px;\" \/><\/div><a class=\"wp-block-latest-posts__post-title\" href=\"https:\/\/pem-health.com\/es\/gastric-sleeve-surgery-a-life-changing-weight-loss-solution\/\">Cirug\u00eda de manga g\u00e1strica: Una soluci\u00f3n para perder peso que cambia la vida<\/a><div class=\"wp-block-latest-posts__post-excerpt\">La cirug\u00eda de manga g\u00e1strica, tambi\u00e9n conocida como gastrectom\u00eda en manga, es un procedimiento de p\u00e9rdida de peso muy eficaz que ha ayudado a millones de personas en todo el mundo.... <a class=\"wp-block-latest-posts__read-more\" href=\"https:\/\/pem-health.com\/es\/gastric-sleeve-surgery-a-life-changing-weight-loss-solution\/\" rel=\"noopener noreferrer\">Lee m\u00e1s<span class=\"screen-reader-text\">: Cirug\u00eda de Manga G\u00e1strica: Una soluci\u00f3n para perder peso que cambia la vida<\/span><\/a><\/div><\/li>\n<\/ul><\/div>\n\n\n\n<p><\/p>","protected":false},"excerpt":{"rendered":"","protected":false},"author":1,"featured_media":0,"parent":0,"menu_order":0,"comment_status":"closed","ping_status":"closed","template":"","meta":{"footnotes":""},"class_list":["post-108","page","type-page","status-publish","hentry"],"_links":{"self":[{"href":"https:\/\/pem-health.com\/es\/wp-json\/wp\/v2\/pages\/108","targetHints":{"allow":["GET"]}}],"collection":[{"href":"https:\/\/pem-health.com\/es\/wp-json\/wp\/v2\/pages"}],"about":[{"href":"https:\/\/pem-health.com\/es\/wp-json\/wp\/v2\/types\/page"}],"author":[{"embeddable":true,"href":"https:\/\/pem-health.com\/es\/wp-json\/wp\/v2\/users\/1"}],"replies":[{"embeddable":true,"href":"https:\/\/pem-health.com\/es\/wp-json\/wp\/v2\/comments?post=108"}],"version-history":[{"count":8,"href":"https:\/\/pem-health.com\/es\/wp-json\/wp\/v2\/pages\/108\/revisions"}],"predecessor-version":[{"id":198,"href":"https:\/\/pem-health.com\/es\/wp-json\/wp\/v2\/pages\/108\/revisions\/198"}],"wp:attachment":[{"href":"https:\/\/pem-health.com\/es\/wp-json\/wp\/v2\/media?parent=108"}],"curies":[{"name":"wp","href":"https:\/\/api.w.org\/{rel}","templated":true}]}}