{"id":297,"date":"2025-04-13T16:00:53","date_gmt":"2025-04-13T13:00:53","guid":{"rendered":"https:\/\/pem-health.com\/?page_id=297"},"modified":"2025-04-13T16:08:42","modified_gmt":"2025-04-13T13:08:42","slug":"frequently-asked-questions","status":"publish","type":"page","link":"https:\/\/pem-health.com\/es\/frequently-asked-questions\/","title":{"rendered":"Preguntas frecuentes"},"content":{"rendered":"<div class=\"wp-block-group has-global-padding is-layout-constrained wp-container-core-group-is-layout-ff778368 wp-block-group-is-layout-constrained\" style=\"padding-right:var(--wp--preset--spacing--30);padding-left:var(--wp--preset--spacing--30)\">\n<details class=\"wp-block-details has-regular-font-size is-layout-flow wp-block-details-is-layout-flow\"><summary>\u00bfQu\u00e9 servicios ofrece PEM Health?<\/summary>\n<p class=\"has-medium-font-size\">Estamos especializados en&nbsp;<strong>cirug\u00eda de la obesidad<\/strong>&nbsp;(como la manga g\u00e1strica y el bypass g\u00e1strico),&nbsp;<strong>cirug\u00eda est\u00e9tica<\/strong>&nbsp;(incluidos procedimientos como la liposucci\u00f3n y el lifting facial), y&nbsp;<strong>cuidados dentales<\/strong>. Tambi\u00e9n ofrecemos consultas personalizadas, coordinaci\u00f3n de viajes y alojamiento de lujo como parte de nuestros paquetes de viajes m\u00e9dicos con todo incluido.<\/p>\n<\/details>\n\n\n\n<details class=\"wp-block-details has-regular-font-size is-layout-flow wp-block-details-is-layout-flow\"><summary>\u00bfEs PEM Health adecuado para pacientes internacionales?<\/summary>\n<p class=\"has-medium-font-size\">\u00a1S\u00ed! PEM Health est\u00e1 dise\u00f1ado para servir&nbsp;<strong>pacientes internacionales<\/strong>especialmente de Oriente Pr\u00f3ximo, Europa y regiones circundantes. Proporcionamos&nbsp;<strong>consultas en l\u00ednea<\/strong>,&nbsp;<strong>asistencia para viajes y alojamiento<\/strong>y un apoyo total a lo largo de su viaje m\u00e9dico.<\/p>\n<\/details>\n\n\n\n<details class=\"wp-block-details has-regular-font-size is-layout-flow wp-block-details-is-layout-flow\"><summary>\u00bfEst\u00e1n certificados los hospitales y m\u00e9dicos con los que trabaja?<\/summary>\n<p class=\"has-medium-font-size\">Absolutamente. Todos nuestros hospitales asociados son\u00a0<strong>acreditado por el Ministerio de Sanidad turco<\/strong>\u00a0para el turismo m\u00e9dico, y nuestros m\u00e9dicos son especialistas con gran experiencia en la atenci\u00f3n a pacientes internacionales.<\/p>\n<\/details>\n\n\n\n<details class=\"wp-block-details has-regular-font-size is-layout-flow wp-block-details-is-layout-flow\"><summary>\u00bfPor qu\u00e9 elegir PEM Health para mi tratamiento en el extranjero?<\/summary>\n<p class=\"has-medium-font-size\">Trabajamos con cirujanos experimentados, hospitales acreditados y ofrecemos paquetes completos que incluyen alojamiento, traslados y atenci\u00f3n personalizada.<\/p>\n<\/details>\n\n\n\n<details class=\"wp-block-details has-regular-font-size is-layout-flow wp-block-details-is-layout-flow\"><summary>\u00bfC\u00f3mo se inicia el proceso?<\/summary>\n<p class=\"has-medium-font-size\">Puede ponerse en contacto con nosotros para una consulta gratuita en l\u00ednea. Evaluaremos tu caso y te guiaremos en cada paso del camino<\/p>\n<\/details>\n\n\n\n<details class=\"wp-block-details has-regular-font-size is-layout-flow wp-block-details-is-layout-flow\"><summary>\u00bfEs seguro operarse en Turqu\u00eda?<\/summary>\n<p class=\"has-medium-font-size\">Absolutamente. Turqu\u00eda es conocida por sus servicios sanitarios de alta calidad y sus modernas instalaciones m\u00e9dicas con m\u00e9dicos formados internacionalmente.<\/p>\n<\/details>\n\n\n\n<details class=\"wp-block-details has-regular-font-size is-layout-flow wp-block-details-is-layout-flow\"><summary>\u00bfQu\u00e9 incluye el paquete de tratamiento?<\/summary>\n<p class=\"has-medium-font-size\">Nuestros paquetes con todo incluido suelen cubrir la intervenci\u00f3n quir\u00fargica, las pruebas preoperatorias, el alojamiento en un hotel de 5 estrellas, los traslados al aeropuerto y los cuidados de seguimiento.<\/p>\n<\/details>\n\n\n\n<details class=\"wp-block-details has-regular-font-size is-layout-flow wp-block-details-is-layout-flow\"><summary>\u00bfNecesito visado para viajar?<\/summary>\n<p class=\"has-medium-font-size\">Los requisitos de visado var\u00edan seg\u00fan el pa\u00eds. Nuestro equipo le ayudar\u00e1 con informaci\u00f3n y orientaci\u00f3n si necesita un visado m\u00e9dico.<\/p>\n<\/details>\n\n\n\n<details class=\"wp-block-details has-regular-font-size is-layout-flow wp-block-details-is-layout-flow\"><summary>\u00bfPuedo ir acompa\u00f1ado?<\/summary>\n<p class=\"has-medium-font-size translation-block\">S\u00ed, los acompa\u00f1antes son bienvenidos. Podemos organizar alojamiento para usted y su acompa\u00f1ante. Adem\u00e1s, ofrecemos <strong>paquetes de atenci\u00f3n dental y revisiones para acompa\u00f1antes a un precio con descuento<\/strong>, para que tambi\u00e9n puedan beneficiarse de nuestros servicios sanitarios durante el viaje.<\/p>\n<\/details>\n\n\n\n<details class=\"wp-block-details has-regular-font-size is-layout-flow wp-block-details-is-layout-flow\"><summary>\u00bfY si tengo preguntas despu\u00e9s de volver a casa?<\/summary>\n<p class=\"has-medium-font-size\">Ofrecemos apoyo y seguimiento continuos en l\u00ednea despu\u00e9s del tratamiento para garantizar una recuperaci\u00f3n sin problemas.<\/p>\n<\/details>\n<\/div>\n\n\n\n<p><\/p>","protected":false},"excerpt":{"rendered":"","protected":false},"author":1,"featured_media":0,"parent":0,"menu_order":0,"comment_status":"closed","ping_status":"closed","template":"","meta":{"footnotes":""},"class_list":["post-297","page","type-page","status-publish","hentry"],"_links":{"self":[{"href":"https:\/\/pem-health.com\/es\/wp-json\/wp\/v2\/pages\/297","targetHints":{"allow":["GET"]}}],"collection":[{"href":"https:\/\/pem-health.com\/es\/wp-json\/wp\/v2\/pages"}],"about":[{"href":"https:\/\/pem-health.com\/es\/wp-json\/wp\/v2\/types\/page"}],"author":[{"embeddable":true,"href":"https:\/\/pem-health.com\/es\/wp-json\/wp\/v2\/users\/1"}],"replies":[{"embeddable":true,"href":"https:\/\/pem-health.com\/es\/wp-json\/wp\/v2\/comments?post=297"}],"version-history":[{"count":9,"href":"https:\/\/pem-health.com\/es\/wp-json\/wp\/v2\/pages\/297\/revisions"}],"predecessor-version":[{"id":307,"href":"https:\/\/pem-health.com\/es\/wp-json\/wp\/v2\/pages\/297\/revisions\/307"}],"wp:attachment":[{"href":"https:\/\/pem-health.com\/es\/wp-json\/wp\/v2\/media?parent=297"}],"curies":[{"name":"wp","href":"https:\/\/api.w.org\/{rel}","templated":true}]}}