{"id":91,"date":"2025-04-13T01:24:58","date_gmt":"2025-04-12T22:24:58","guid":{"rendered":"https:\/\/pem-health.com\/?page_id=91"},"modified":"2025-04-13T20:18:44","modified_gmt":"2025-04-13T17:18:44","slug":"contact-us","status":"publish","type":"page","link":"https:\/\/pem-health.com\/es\/contact-us\/","title":{"rendered":"Contacte"},"content":{"rendered":"<div class=\"wp-block-group has-global-padding is-layout-constrained wp-block-group-is-layout-constrained\">\n<h2 class=\"wp-block-heading\">Solicite una consulta gratuita<\/h2>\n\n\n<div class=\"forminator-ui forminator-custom-form forminator-custom-form-320 forminator-design--material  forminator_ajax\" data-forminator-render=\"0\" data-form=\"forminator-module-320\" data-uid=\"6a0965823f4ff\"><br\/><\/div><form\n\t\t\t\tid=\"forminator-module-320\"\n\t\t\t\tclass=\"forminator-ui forminator-custom-form forminator-custom-form-320 forminator-design--material  forminator_ajax\"\n\t\t\t\tmethod=\"post\"\n\t\t\t\tdata-forminator-render=\"0\"\n\t\t\t\tdata-form-id=\"320\"\n\t\t\t\t\n\t\t\t\tdata-design=\"material\"\n\t\t\t\t\n\t\t\t\t\n\t\t\t\t\n\t\t\t\tdata-grid=\"open\"\n\t\t\t\t\n\t\t\t\t\n\t\t\t\tstyle=\"display: none;\"\n\t\t\t\t\n\t\t\t\tdata-uid=\"6a0965823f4ff\" action=\"\"\n\t\t\t><div role=\"alert\" aria-live=\"polite\" class=\"forminator-response-message forminator-error\" aria-hidden=\"true\"><\/div><div class=\"forminator-row\"><div id=\"name-1\" class=\"forminator-field-name forminator-col forminator-col-12\"><div class=\"forminator-field\"><label for=\"forminator-field-name-1_6a0965823f4ff\" id=\"forminator-field-name-1_6a0965823f4ff-label\" class=\"forminator-label\">Nombre y apellidos <span class=\"forminator-required\">*<\/span><\/label><input type=\"text\" name=\"name-1\" value=\"\" placeholder=\"Por ejemplo, John\" id=\"forminator-field-name-1_6a0965823f4ff\" class=\"forminator-input forminator-name--field\" aria-required=\"true\" \/><\/div><\/div><\/div><div class=\"forminator-row\"><div id=\"email-1\" class=\"forminator-field-email forminator-col forminator-col-12\"><div class=\"forminator-field\"><label for=\"forminator-field-email-1_6a0965823f4ff\" id=\"forminator-field-email-1_6a0965823f4ff-label\" class=\"forminator-label\">Correo electr\u00f3nico <span class=\"forminator-required\">*<\/span><\/label><input type=\"email\" name=\"email-1\" value=\"\" placeholder=\"Por ejemplo, john@doe.com\" id=\"forminator-field-email-1_6a0965823f4ff\" class=\"forminator-input forminator-email--field\" data-required=\"true\" aria-required=\"true\" \/><\/div><\/div><\/div><div class=\"forminator-row\"><div id=\"phone-1\" class=\"forminator-field-phone forminator-col forminator-col-12\"><div class=\"forminator-field\"><label for=\"forminator-field-phone-1_6a0965823f4ff\" id=\"forminator-field-phone-1_6a0965823f4ff-label\" class=\"forminator-label\">N\u00famero de tel\u00e9fono <span class=\"forminator-required\">*<\/span><\/label><input type=\"text\" name=\"phone-1\" value=\"\" placeholder=\"Por ejemplo, +1 3004005000\" id=\"forminator-field-phone-1_6a0965823f4ff\" class=\"forminator-input forminator-field--phone\" data-required=\"1\" aria-required=\"true\" autocomplete=\"off\" \/><\/div><\/div><\/div><div class=\"forminator-row\"><div id=\"select-1\" class=\"forminator-field-select forminator-col forminator-col-12\"><div class=\"forminator-field\"><label for=\"forminator-form-320__field--select-1_6a0965823f4ff\" id=\"forminator-form-320__field--select-1_6a0965823f4ff-label\" class=\"forminator-label\">Elija su procedimiento <span class=\"forminator-required\">*<\/span><\/label><select  id=\"forminator-form-320__field--select-1_6a0965823f4ff\" class=\"forminator-select--field forminator-select2 forminator-select2-multiple\" data-required=\"1\" name=\"select-1\" data-default-value=\"\" data-hidden-behavior=\"zero\" data-placeholder=\"Choose Your Procedure\" data-search=\"false\" data-search-placeholder=\"Choose Your Procedure\" data-checkbox=\"false\" data-allow-clear=\"false\" aria-labelledby=\"forminator-form-320__field--select-1_6a0965823f4ff-label\"><option value=\"\"  >Elija su procedimiento<\/option><option value=\"Gastric Sleeve Surgery\"  data-calculation=\"0\">Cirug\u00eda de manga g\u00e1strica<\/option><option value=\"Gastric Bypass Surgery\"  data-calculation=\"0\">Cirug\u00eda de bypass g\u00e1strico<\/option><option value=\"Revision Bariatric Surgery\"  data-calculation=\"0\">Cirug\u00eda bari\u00e1trica de revisi\u00f3n<\/option><option value=\"Other \/ Not Sure Yet\"  data-calculation=\"0\">Otros \/ A\u00fan no estoy seguro<\/option><\/select><\/div><\/div><\/div><div class=\"forminator-row\"><div id=\"textarea-1\" class=\"forminator-field-textarea forminator-col forminator-col-12\"><div class=\"forminator-field\"><label for=\"forminator-field-textarea-1_6a0965823f4ff\" id=\"forminator-field-textarea-1_6a0965823f4ff-label\" class=\"forminator-label\">Mensaje <span class=\"forminator-required\">*<\/span><\/label><textarea name=\"textarea-1\" placeholder=\"D\u00edganos c\u00f3mo podemos ayudarle...\" id=\"forminator-field-textarea-1_6a0965823f4ff\" class=\"forminator-textarea\" rows=\"6\" style=\"min-height:140px;\" maxlength=\"180\" ><\/textarea><span id=\"forminator-field-textarea-1_6a0965823f4ff-description\" class=\"forminator-description\"><span data-limit=\"180\" data-type=\"characters\" data-editor=\"\">0 \/ 180<\/span><\/span><\/div><\/div><\/div><div class=\"forminator-row\"><div id=\"captcha-1\" class=\"forminator-field-captcha forminator-col forminator-col-12\"><div class=\"forminator-captcha-left forminator-g-recaptcha\" data-theme=\"light\"  data-sitekey=\"6LebDhcrAAAAACRPFUrvs2FqLz2-mSV5BDjn59WJ\" data-size=\"normal\"><\/div> <\/div><\/div><input type=\"hidden\" name=\"referer_url\" value=\"\" \/><div class=\"forminator-row forminator-row-last\"><div class=\"forminator-col\"><div class=\"forminator-field\"><button class=\"forminator-button forminator-button-submit\"><span>Enviar<\/span><span aria-hidden=\"true\"><\/span><\/button><\/div><\/div><\/div><input type=\"hidden\" id=\"forminator_nonce\" name=\"forminator_nonce\" value=\"6a9bee0679\" \/><input type=\"hidden\" name=\"_wp_http_referer\" value=\"\/es\/wp-json\/wp\/v2\/pages\/91\" \/><input type=\"hidden\" name=\"form_id\" value=\"320\"><input type=\"hidden\" name=\"page_id\" value=\"91\"><input type=\"hidden\" name=\"form_type\" value=\"default\"><input type=\"hidden\" name=\"current_url\" value=\"https:\/\/pem-health.com\/es\/contact-us\/\"><input type=\"hidden\" name=\"render_id\" value=\"0\"><input type=\"hidden\" name=\"action\" value=\"forminator_submit_form_custom-forms\"><input type=\"hidden\" name=\"trp-form-language\" value=\"es\"\/><\/form>\n<\/div>\n\n\n\n<p><\/p>","protected":false},"excerpt":{"rendered":"<p>Solicite una consulta gratuita<\/p>","protected":false},"author":1,"featured_media":23,"parent":0,"menu_order":0,"comment_status":"closed","ping_status":"closed","template":"","meta":{"footnotes":""},"class_list":["post-91","page","type-page","status-publish","has-post-thumbnail","hentry"],"_links":{"self":[{"href":"https:\/\/pem-health.com\/es\/wp-json\/wp\/v2\/pages\/91","targetHints":{"allow":["GET"]}}],"collection":[{"href":"https:\/\/pem-health.com\/es\/wp-json\/wp\/v2\/pages"}],"about":[{"href":"https:\/\/pem-health.com\/es\/wp-json\/wp\/v2\/types\/page"}],"author":[{"embeddable":true,"href":"https:\/\/pem-health.com\/es\/wp-json\/wp\/v2\/users\/1"}],"replies":[{"embeddable":true,"href":"https:\/\/pem-health.com\/es\/wp-json\/wp\/v2\/comments?post=91"}],"version-history":[{"count":5,"href":"https:\/\/pem-health.com\/es\/wp-json\/wp\/v2\/pages\/91\/revisions"}],"predecessor-version":[{"id":347,"href":"https:\/\/pem-health.com\/es\/wp-json\/wp\/v2\/pages\/91\/revisions\/347"}],"wp:featuredmedia":[{"embeddable":true,"href":"https:\/\/pem-health.com\/es\/wp-json\/wp\/v2\/media\/23"}],"wp:attachment":[{"href":"https:\/\/pem-health.com\/es\/wp-json\/wp\/v2\/media?parent=91"}],"curies":[{"name":"wp","href":"https:\/\/api.w.org\/{rel}","templated":true}]}}