{"id":297,"date":"2025-04-13T16:00:53","date_gmt":"2025-04-13T13:00:53","guid":{"rendered":"https:\/\/pem-health.com\/?page_id=297"},"modified":"2025-04-13T16:08:42","modified_gmt":"2025-04-13T13:08:42","slug":"frequently-asked-questions","status":"publish","type":"page","link":"https:\/\/pem-health.com\/tr\/frequently-asked-questions\/","title":{"rendered":"S\u0131k\u00e7a Sorulan Sorular"},"content":{"rendered":"<div class=\"wp-block-group has-global-padding is-layout-constrained wp-container-core-group-is-layout-ff778368 wp-block-group-is-layout-constrained\" style=\"padding-right:var(--wp--preset--spacing--30);padding-left:var(--wp--preset--spacing--30)\">\n<details class=\"wp-block-details has-regular-font-size is-layout-flow wp-block-details-is-layout-flow\"><summary>PEM Health hangi hizmetleri sunuyor?<\/summary>\n<p class=\"has-medium-font-size\">Uzmanl\u0131k alanlar\u0131m\u0131z&nbsp;<strong>obezi\u0307te cerrahi\u0307si\u0307<\/strong>&nbsp;(t\u00fcp mide ve gastrik bypass gibi),&nbsp;<strong>kozmeti\u0307k cerrahi\u0307<\/strong>&nbsp;(liposuction ve y\u00fcz gerdirme gibi prosed\u00fcrler dahil) ve&nbsp;<strong>D\u0130\u015e BAKIMI<\/strong>. Her \u015fey dahil t\u0131bbi seyahat paketlerimizin bir par\u00e7as\u0131 olarak ki\u015fiselle\u015ftirilmi\u015f dan\u0131\u015fmanl\u0131k, seyahat koordinasyonu ve l\u00fcks konaklama da sunuyoruz.<\/p>\n<\/details>\n\n\n\n<details class=\"wp-block-details has-regular-font-size is-layout-flow wp-block-details-is-layout-flow\"><summary>SGK Kapsam\u0131nda PEM Health Hizmetleri Mevcut Mu?<\/summary>\n<p class=\"has-medium-font-size\">Evet! PEM Health a\u015fa\u011f\u0131dakilere hizmet etmek i\u00e7in tasarlanm\u0131\u015ft\u0131r&nbsp;<strong>uluslararas\u0131 hastalar<\/strong>\u00d6zellikle Orta Do\u011fu, Avrupa ve \u00e7evre b\u00f6lgelerden. Biz sa\u011fl\u0131yoruz&nbsp;<strong>\u00e7evrimi\u00e7i dan\u0131\u015fmanl\u0131k<\/strong>,&nbsp;<strong>seyahat ve konaklama konusunda yard\u0131m<\/strong>ve t\u0131bbi yolculu\u011funuz boyunca tam destek.<\/p>\n<\/details>\n\n\n\n<details class=\"wp-block-details has-regular-font-size is-layout-flow wp-block-details-is-layout-flow\"><summary>Tedavi S\u00fcrecine Nas\u0131l Ba\u015flayabilirim?<\/summary>\n<p class=\"has-medium-font-size\">Kesinlikle. T\u00fcm ortak hastanelerimiz\u00a0<strong>T.C. Sa\u011fl\u0131k Bakanl\u0131\u011f\u0131 taraf\u0131ndan akredite edilmi\u015ftir<\/strong>\u00a0ve doktorlar\u0131m\u0131z uluslararas\u0131 hasta bak\u0131m\u0131 ge\u00e7mi\u015fine sahip son derece deneyimli uzmanlard\u0131r.<\/p>\n<\/details>\n\n\n\n<details class=\"wp-block-details has-regular-font-size is-layout-flow wp-block-details-is-layout-flow\"><summary>Hangi \u015fehirde hizmet veriyorsunuz?<\/summary>\n<p class=\"has-medium-font-size\">\u015eu anda ameliyatlar\u0131m\u0131z Ayd\u0131n ve \u0130zmir\u2019de bulunan anla\u015fmal\u0131, tam donan\u0131ml\u0131 hastanelerde ger\u00e7ekle\u015ftirilmektedir.<\/p>\n<\/details>\n\n\n\n<details class=\"wp-block-details has-regular-font-size is-layout-flow wp-block-details-is-layout-flow\"><summary>T\u00fcp mide ameliyat\u0131ndan sonra ne kadar s\u00fcrede taburcu olurum?<\/summary>\n<p class=\"has-medium-font-size\">Genellikle 1-2 g\u00fcn hastanede kal\u0131n\u0131r, komplikasyon geli\u015fmezse bu s\u00fcrede taburcu edilirsiniz.<\/p>\n<\/details>\n\n\n\n<details class=\"wp-block-details has-regular-font-size is-layout-flow wp-block-details-is-layout-flow\"><summary>Ameliyat \u00f6ncesi de\u011ferlendirme s\u00fcreci nas\u0131l i\u015fliyor?<\/summary>\n<p class=\"has-medium-font-size\">\u00d6n de\u011ferlendirme, online dan\u0131\u015fmanl\u0131kla ba\u015flar. T\u0131bbi ge\u00e7mi\u015finiz, kulland\u0131\u011f\u0131n\u0131z ila\u00e7lar ve varsa raporlar\u0131n\u0131z uzmanlar\u0131m\u0131z taraf\u0131ndan inceleni<\/p>\n<\/details>\n\n\n\n<details class=\"wp-block-details has-regular-font-size is-layout-flow wp-block-details-is-layout-flow\"><summary>\u00d6n \u00f6deme yapmam gerekiyor mu?<\/summary>\n<p class=\"has-medium-font-size\">Evet, ameliyat rezervasyonu i\u00e7in \u00f6n \u00f6deme al\u0131nmaktad\u0131r. Geri kalan \u00f6deme ise i\u015flem \u00f6ncesinde tamamlan\u0131r.<\/p>\n<\/details>\n\n\n\n<details class=\"wp-block-details has-regular-font-size is-layout-flow wp-block-details-is-layout-flow\"><summary>Takip s\u00fcreci nas\u0131l oluyor?<\/summary>\n<p class=\"has-medium-font-size\">Ameliyat sonras\u0131 ilk y\u0131l d\u00fczenli kontroller yap\u0131l\u0131r. Beslenme deste\u011fi, diyetisyen g\u00f6r\u00fc\u015fmeleri ve kan tahlilleri ile hasta takibi devam eder.<\/p>\n<\/details>\n\n\n\n<details class=\"wp-block-details has-regular-font-size is-layout-flow wp-block-details-is-layout-flow\"><summary>Ameliyat \u00f6ncesi ve sonras\u0131 dan\u0131\u015fmanl\u0131k hizmeti alabilir miyim?<\/summary>\n<p class=\"has-medium-font-size translation-block\">Evet, PEM Health her hastas\u0131na ameliyat \u00f6ncesi ve sonras\u0131 online veya y\u00fcz y\u00fcze dan\u0131\u015fmanl\u0131k hizmeti sunmaktad\u0131r. \u0130htiyac\u0131n\u0131z olan her konuda doktorlar\u0131m\u0131z ve uzman ekibimiz size rehberlik edecektir.<\/p>\n<\/details>\n\n\n\n<details class=\"wp-block-details has-regular-font-size is-layout-flow wp-block-details-is-layout-flow\"><summary>Ameliyat ve tedavi \u00fccretlerini nas\u0131l \u00f6\u011frenebilirim?<\/summary>\n<p class=\"has-medium-font-size\">Ameliyat ve tedavi \u00fccretleri, her hasta i\u00e7in ki\u015fisel bir de\u011ferlendirme s\u00fcreci gerektirdi\u011finden, tam fiyat bilgisi almak i\u00e7in bizimle ileti\u015fime ge\u00e7meniz gerekmektedir. Bize ula\u015farak, ihtiya\u00e7lar\u0131n\u0131za g\u00f6re \u00f6zelle\u015ftirilmi\u015f bir fiyat teklifi alabilirsiniz.<\/p>\n<\/details>\n<\/div>\n\n\n\n<p><\/p>","protected":false},"excerpt":{"rendered":"","protected":false},"author":1,"featured_media":0,"parent":0,"menu_order":0,"comment_status":"closed","ping_status":"closed","template":"","meta":{"footnotes":""},"class_list":["post-297","page","type-page","status-publish","hentry"],"_links":{"self":[{"href":"https:\/\/pem-health.com\/tr\/wp-json\/wp\/v2\/pages\/297","targetHints":{"allow":["GET"]}}],"collection":[{"href":"https:\/\/pem-health.com\/tr\/wp-json\/wp\/v2\/pages"}],"about":[{"href":"https:\/\/pem-health.com\/tr\/wp-json\/wp\/v2\/types\/page"}],"author":[{"embeddable":true,"href":"https:\/\/pem-health.com\/tr\/wp-json\/wp\/v2\/users\/1"}],"replies":[{"embeddable":true,"href":"https:\/\/pem-health.com\/tr\/wp-json\/wp\/v2\/comments?post=297"}],"version-history":[{"count":9,"href":"https:\/\/pem-health.com\/tr\/wp-json\/wp\/v2\/pages\/297\/revisions"}],"predecessor-version":[{"id":307,"href":"https:\/\/pem-health.com\/tr\/wp-json\/wp\/v2\/pages\/297\/revisions\/307"}],"wp:attachment":[{"href":"https:\/\/pem-health.com\/tr\/wp-json\/wp\/v2\/media?parent=297"}],"curies":[{"name":"wp","href":"https:\/\/api.w.org\/{rel}","templated":true}]}}